{"id":96,"date":"2015-09-18T17:30:18","date_gmt":"2015-09-18T15:30:18","guid":{"rendered":"http:\/\/www.pflanzerhof.it\/it\/?page_id=96"},"modified":"2025-09-27T09:36:31","modified_gmt":"2025-09-27T07:36:31","slug":"editoriale","status":"publish","type":"page","link":"https:\/\/www.pflanzerhof.it\/it\/editoriale\/","title":{"rendered":"Editoriale"},"content":{"rendered":"<div class=\"impressum-container\">\n<div id=\"block1\" class=\"block\">\n<p><!--owner--><\/p>\n<div class=\"title\">Committente &amp; proprietario<\/div>\n<div class=\"content\">Pflanzerhof del Holzner Ulrich<br \/>\nVia Frutteti 19<br \/>\nI-39011 Lana (BZ)<br \/>\nT +39 339 7870612<br \/>\n<a href=\"mailto:&#105;n&#102;o&#64;&#112;&#102;la&#110;z&#101;r&#104;o&#102;.it\">&#105;&#110;&#102;&#111;&#64;pf&#108;&#97;nze&#114;h&#111;&#102;&#46;i&#116;<\/a><br \/>\n<a href=\"https:\/\/www.pflanzerhof.it\" target=\"_blank\" rel=\"noopener\">www.pflanzerhof.it<\/a><br \/>\nP-IVA: 01605050218<br \/>\nCIN: IT021041B5Y2UMM9AQ<\/div>\n<\/div>\n<p><!--design--><\/p>\n<div id=\"block2\" class=\"block\">\n<div class=\"title\">Programmazione &amp; CMS<\/div>\n<div class=\"content\"><strong>ps-design<\/strong><br \/>\nd. Pircher Stefan<br \/>\nVia Monte Luco 24<br \/>\nI-39011 Lana (BZ)<br \/>\nM +39 333 3914367<br \/>\n<a href=\"mailto:i&#110;f&#111;&#64;ps&#45;&#100;esi&#103;n.&#105;&#116;\">i&#110;f&#111;&#64;p&#115;&#45;&#100;&#101;s&#105;gn.it<\/a><\/div>\n<\/div>\n<p><!--liability--><\/p>\n<div id=\"block3\" class=\"block\">\n<div class=\"title\">Indicazioni &amp; avviso di responsabilit\u00e0<\/div>\n<div class=\"content\">Tutte le dichiarazioni e i contenuti di questo sito sono stati controllati con cura. Ci\u00f2 nonostante non viene assunta alcuna responsabilit\u00e1 per la garanzia, la correttezza, la completezza e l\u2019aggiornamento dei dati. Pflanzerhof\/Fam. Holzner non \u00e9 responsabile per i contenuti del sito che si riferiscono ai collegamenti ipertestuali. Questo vale anche per per gli altri siti internet. Ci riserviamo il diritto, di modificare, aggiornare o aggiungere informazioni ai dati e alle informazioni messi a disposizione.<\/div>\n<\/div>\n<p><!--copyright--><\/p>\n<div id=\"block4\" class=\"block\">\n<div class=\"title\">Copyright<\/div>\n<div class=\"content\">Concetto, struttura e contenuti di questo sito internet sono protetti dai diritti d\u2019autore. La riproduzione di informazioni o dati, in particolare l\u2019utilizzo di testi, parte di testi o materiale fotografico richiede il consenso preventivo da parte di Pflanzerhof\/Fam. Holzner.<\/div>\n<\/div>\n<p><!--wordpress--><\/p>\n<div id=\"block5\" class=\"block\">\n<div class=\"title\">CMS-System<\/div>\n<div class=\"content\">powered by <a href=\"https:\/\/it.wordpress.org\/\" target=\"_blank\" rel=\"noopener\">WordPress<\/a><\/div>\n<\/div>\n<p><!--privacy--><\/p>\n<div id=\"block7\" class=\"block\">\n<div id=\"privacy\" class=\"title\">Privacy<\/div>\n<div class=\"content\">Ai sensi dell\u2019art. 13 del decreto legislativo n\u00b0 196 del 30 giugno 2003 e seguenti modifiche e completamenti informiamo, che tutti i dati che ci vengono inviati tramite il nosto sito internet rispettivamente tramite fax, e-mail o posta verranno raccolti e salvati. La nostra societ\u00e0 garantisce un trattamento dei dati personali ai sensi delle disposizioni di legge che rispetta i diritti fondamentali, la libert\u00e0 e la dignit\u00e0 della persona interessata con particolare riferimento alla segretezza, alla identit\u00e0 personale e il diritto di tutela dei dati personali. I dati personali elaborati dalla nostra societ\u00e0 non vengono divulgati.<br \/>\nIl titolare del trattamento dei dati personali \u00e8:<br \/>\nPflanzerhof \u2013 Fam. Holzner, I-39011 Lana (BZ), Via Frutteti 19.<\/div>\n<\/div>\n<\/div>\n","protected":false},"excerpt":{"rendered":"<p>Committente &amp; proprietario Pflanzerhof del Holzner Ulrich Via Frutteti 19 I-39011 Lana (BZ) T +39 339 7870612 www.pflanzerhof.it P-IVA: 01605050218 CIN: IT021041B5Y2UMM9AQ Programmazione &amp; CMS ps-design d. Pircher Stefan Via Monte Luco 24 I-39011 Lana (BZ) M +39 333 3914367 Indicazioni &amp; avviso di responsabilit\u00e0 Tutte le dichiarazioni e i contenuti di questo sito sono [&hellip;]<\/p>\n","protected":false},"author":1,"featured_media":0,"parent":0,"menu_order":0,"comment_status":"closed","ping_status":"closed","template":"","meta":{"footnotes":""},"class_list":["post-96","page","type-page","status-publish","hentry"],"_links":{"self":[{"href":"https:\/\/www.pflanzerhof.it\/it\/wp-json\/wp\/v2\/pages\/96","targetHints":{"allow":["GET"]}}],"collection":[{"href":"https:\/\/www.pflanzerhof.it\/it\/wp-json\/wp\/v2\/pages"}],"about":[{"href":"https:\/\/www.pflanzerhof.it\/it\/wp-json\/wp\/v2\/types\/page"}],"author":[{"embeddable":true,"href":"https:\/\/www.pflanzerhof.it\/it\/wp-json\/wp\/v2\/users\/1"}],"replies":[{"embeddable":true,"href":"https:\/\/www.pflanzerhof.it\/it\/wp-json\/wp\/v2\/comments?post=96"}],"version-history":[{"count":0,"href":"https:\/\/www.pflanzerhof.it\/it\/wp-json\/wp\/v2\/pages\/96\/revisions"}],"wp:attachment":[{"href":"https:\/\/www.pflanzerhof.it\/it\/wp-json\/wp\/v2\/media?parent=96"}],"curies":[{"name":"wp","href":"https:\/\/api.w.org\/{rel}","templated":true}]}}